{"id":6055,"date":"2020-11-21T16:58:35","date_gmt":"2020-11-21T16:58:35","guid":{"rendered":"https:\/\/wildspoon.be\/?page_id=6055"},"modified":"2024-03-21T09:16:12","modified_gmt":"2024-03-21T08:16:12","slug":"conditions-generales-reglement-dorde-interieur-activites","status":"publish","type":"page","link":"https:\/\/wildspoon.be\/nl\/contact\/conditions-generales\/conditions-generales-reglement-dorde-interieur-activites\/","title":{"rendered":"Conditions g\u00e9n\u00e9rales &#038; r\u00e8glement d&rsquo;orde int\u00e9rieur activit\u00e9s"},"content":{"rendered":"<div data-elementor-type=\"wp-page\" data-elementor-id=\"6055\" class=\"elementor elementor-6055\">\n\t\t\t\t\t\t<section class=\"elementor-section elementor-top-section elementor-element elementor-element-50d17f2 elementor-section-boxed elementor-section-height-default elementor-section-height-default\" data-id=\"50d17f2\" data-element_type=\"section\" data-e-type=\"section\">\n\t\t\t\t\t\t<div class=\"elementor-container elementor-column-gap-default\">\n\t\t\t\t\t<div class=\"elementor-column elementor-col-100 elementor-top-column elementor-element elementor-element-a290274\" data-id=\"a290274\" data-element_type=\"column\" data-e-type=\"column\">\n\t\t\t<div class=\"elementor-widget-wrap elementor-element-populated\">\n\t\t\t\t\t\t<div class=\"elementor-element elementor-element-0709acb elementor-widget elementor-widget-spacer\" data-id=\"0709acb\" data-element_type=\"widget\" data-e-type=\"widget\" data-widget_type=\"spacer.default\">\n\t\t\t\t<div class=\"elementor-widget-container\">\n\t\t\t\t\t\t\t<div class=\"elementor-spacer\">\n\t\t\t<div class=\"elementor-spacer-inner\"><\/div>\n\t\t<\/div>\n\t\t\t\t\t\t<\/div>\n\t\t\t\t<\/div>\n\t\t\t\t<div class=\"elementor-element elementor-element-f896612 elementor-widget elementor-widget-image\" data-id=\"f896612\" data-element_type=\"widget\" data-e-type=\"widget\" data-widget_type=\"image.default\">\n\t\t\t\t<div class=\"elementor-widget-container\">\n\t\t\t\t\t\t\t\t\t\t\t\t\t\t\t<img decoding=\"async\" width=\"75\" height=\"33\" src=\"https:\/\/wildspoon.be\/wp-content\/uploads\/2019\/07\/logo-leaf-new.png\" class=\"attachment-large size-large wp-image-2518\" alt=\"\" srcset=\"https:\/\/wildspoon.be\/wp-content\/uploads\/2019\/07\/logo-leaf-new.png 75w, https:\/\/wildspoon.be\/wp-content\/uploads\/2019\/07\/logo-leaf-new-18x8.png 18w\" sizes=\"(max-width: 75px) 100vw, 75px\" \/>\t\t\t\t\t\t\t\t\t\t\t\t\t\t\t<\/div>\n\t\t\t\t<\/div>\n\t\t\t\t<div class=\"elementor-element elementor-element-fa5cde1 elementor-widget elementor-widget-heading\" data-id=\"fa5cde1\" data-element_type=\"widget\" data-e-type=\"widget\" data-widget_type=\"heading.default\">\n\t\t\t\t<div class=\"elementor-widget-container\">\n\t\t\t\t\t<h2 class=\"elementor-heading-title elementor-size-default\">Conditions g\u00e9n\u00e9rales, vie priv\u00e9e &amp; ordre int\u00e9rieur( ext\u00e9rieur \ud83d\ude42 ) relatives aux activit\u00e9s<\/h2>\t\t\t\t<\/div>\n\t\t\t\t<\/div>\n\t\t\t\t<div class=\"elementor-element elementor-element-cfedbe6 elementor-widget elementor-widget-text-editor\" data-id=\"cfedbe6\" data-element_type=\"widget\" data-e-type=\"widget\" data-widget_type=\"text-editor.default\">\n\t\t\t\t<div class=\"elementor-widget-container\">\n\t\t\t\t\t\t\t\t\t<p>Vie<strong> Privacy<\/strong><br \/>Uw e-mailadres en uw gegevens worden alleen gebruikt voor de verwerking van uw bericht. Ze worden niet aan derden doorgegeven. Als u akkoord gaat met het ontvangen van een van onze nieuwsbrieven die in het menu worden genoemd, ontvangt u deze 3-4 keer per jaar met altijd de mogelijkheid om u uit te schrijven.<\/p><p><strong>Ongevallen, schade en verzekering<\/strong> <br \/>Wildspoon et ses partenaires font tout ce qu&rsquo;il peuvent pendant les activit\u00e9s afin d&rsquo;encadrer les participants avec le sens de responsabilit\u00e9 n\u00e9cessaire, d&rsquo;attirer l&rsquo;attention sur les \u00e9ventuels dangers et de donner les instructions n\u00e9cessaires au niveau de la s\u00e9curit\u00e9. Nos activit\u00e9s ont un aspect sportif, manuel, nature et\/ou aventure. La participation \u00e0 l\u2019activit\u00e9 se fait \u00e0 son propre risque, l\u2019assurance personnelle n\u2019est pas comprise. Wildspoon n\u2019est d\u2019aucune mani\u00e8re responsable pour les d\u00e9g\u00e2ts, la perte ou le vol d\u2019objets personnels ou de tiers. Les blessures \u00e9ventuelles sont couvertes par votre mutualit\u00e9 et pour les d\u00e9gats aux objets ou tiers vous \u00eates sans doute couverts par votre assurance familiale. L&rsquo;utilisation de m\u00e9dicaments, les maladies ou les probl\u00e8mes physiques ou psychologiques doivent \u00eatre mentionn\u00e9s \u00e0 l&rsquo;organisation si ceux-ci peuvent former un risque pour vous, le groupe ou le d\u00e9roulement de l&rsquo;activit\u00e9.<\/p><p><strong>Annulering door de deelnemer<\/strong><br \/>Bij slecht weer gaat de activiteit gewoon door. Alleen bij gevaarlijk weer wordt de activiteit verplaatst naar een andere datum of wordt een alternatief aangeboden.<br \/>In geval van annulering door de deelnemer worden \u20ac10 administratiekosten in rekening gebracht, 30% wordt in mindering gebracht vanaf 15 dagen voor de activiteit, 50% vanaf 8 tot 5 dagen voor de activiteit, 80% vanaf 4 tot 2 dagen voor de activiteit en 100% vanaf de dag voor de activiteit. Je bent ingeschreven wanneer je betaalt voor de activiteit. Betaling betekent ook acceptatie van de algemene voorwaarden. <br \/>We raden deelnemers aan om een annuleringsverzekering af te sluiten bij hun verzekerings- of hulpverleningsmaatschappij als ze vergoed willen worden in geval van ziekte, overlijden, etc. (controleer de voorwaarden, want de meeste bieden pas vergoeding na 3 nachten of een minimaal budget). Als je echter annuleringskosten wilt vermijden, kan je iemand zoeken om je plaats in te nemen.<\/p><p class=\" translation-block\">Annulatievoorwaarden voor bedrijven\nDe reservatie is pas geldig na storting van een voorschot van 50% .\nHet saldo  wordt ten laatste 15 dagen op voorhand betaald.\nIndien annulatie kan deze zonder kosten tot 2 maanden voor de activiteit.\nWel wordt 50\u20ac administratieve kosten gerekend voor het terugstorten.\nVan 2 maanden tot 1 maand op voorhand behoudt CANAD 15% van het totaal bedrag.\nVan 1 maand tot 14 dagen op voorhand behoudt CANAD 30% van het totaal bedrag.\nVan 14 tot 5 dagen op voorhand behoudt CANAD 50% van het totaal bedrag.\nMinder dan 5 dagen op voorhand is het totaal bedrag verschuldigd en moet het definitief aantal deelnemers ook vastgelegd worden..\nBij slecht weer gaat de activiteit gewoon door, alleen bij noodweer wordt de activiteit verplaatst naar een andere datum of wordt een alternatief geboden.<\/p><p><strong>Recht van opzegging van Wildspoon.be<\/strong><br \/>Er wordt rekening gehouden met het minimumaantal deelnemers. Dit nummer staat vermeld op het informatieblad op de website voordat u reserveert. In geval van annulering moeten de deelnemers ten minste 1 week van tevoren op de hoogte worden gebracht. De deelnemer heeft de keuze om het evenement uit te stellen of om terugbetaald te worden. In geval van annulering door overmacht heeft de deelnemer geen recht op schadevergoeding, ongeacht de vertraging. Bij slecht weer gaat de activiteit ook door. Alleen in geval van aangekondigd gevaarlijk weer zal de activiteit naar een andere datum worden verplaatst of zal een alternatief worden aangeboden.<\/p><p><strong>Inhoud van het programma en uitsluiting van deelnemers<\/strong> <br \/>De organisatie behoudt zich het recht voor om het programma aan te passen aan de samenstelling van de groep, de weersomstandigheden en in geval van overmacht, om de veiligheid te optimaliseren en het comfort van de deelnemers te verbeteren binnen de grenzen van het mogelijke. De organisatie behoudt zich tevens het recht voor een deelnemer uit te sluiten indien hij\/zij door zijn\/haar ongeschikte uitrusting, lichamelijke conditie of gedrag schade toebrengt aan zijn\/haar veiligheid of die van de groep en aan het goede verloop van het programma. Tijdens onze activiteiten vragen wij de deelnemers, en ook onszelf, om de natuur, andere culturen en derden te respecteren.<\/p><p><strong>Ecologie<\/strong><br \/>Wij moedigen stilte en rust in onze omgeving aan, om de natuur om ons heen niet te verstoren. Het spreekt vanzelf dat we proberen zo weinig mogelijk sporen van onze doortocht achter te laten<\/p><p>Copyright Wildspoon.be<\/p><p>\u00a0<\/p>\t\t\t\t\t\t\t\t<\/div>\n\t\t\t\t<\/div>\n\t\t\t\t\t<\/div>\n\t\t<\/div>\n\t\t\t\t\t<\/div>\n\t\t<\/section>\n\t\t\t\t<\/div>","protected":false},"excerpt":{"rendered":"<p>Conditions g\u00e9n\u00e9rales, vie priv\u00e9e &#038; ordre int\u00e9rieur( ext\u00e9rieur \ud83d\ude42 ) relatives aux activit\u00e9s Vie priv\u00e9eVotre adresse mail sera utilis\u00e9e pour le tra\u00eetement de cette demande d&rsquo;information et votre \u00e9ventuelle r\u00e9servation. Elle ne sera transmise \u00e0 aucun tiers. Si vous accept\u00e9 de recevoir une de nos newsletters mentionn\u00e9es dans le menu, vous les recevrez 3-4 fois [&hellip;]<\/p>\n","protected":false},"author":1,"featured_media":0,"parent":6053,"menu_order":0,"comment_status":"closed","ping_status":"closed","template":"","meta":{"_monsterinsights_skip_tracking":false,"_monsterinsights_sitenote_active":false,"_monsterinsights_sitenote_note":"","_monsterinsights_sitenote_category":0,"footnotes":""},"class_list":["post-6055","page","type-page","status-publish","hentry"],"yoast_head":"<!-- This site is optimized with the Yoast SEO plugin v27.3 - https:\/\/yoast.com\/product\/yoast-seo-wordpress\/ -->\n<title>Conditions g\u00e9n\u00e9rales &amp; r\u00e8glement d&#039;orde int\u00e9rieur activit\u00e9s - WildSpoon.be<\/title>\n<meta name=\"description\" content=\"WildSpoon.be Conditions g\u00e9n\u00e9rales &amp; r\u00e8glement d&#039;orde int\u00e9rieur activit\u00e9s\" \/>\n<meta name=\"robots\" content=\"index, follow, max-snippet:-1, max-image-preview:large, max-video-preview:-1\" \/>\n<link rel=\"canonical\" href=\"https:\/\/wildspoon.be\/nl\/contact\/conditions-generales\/conditions-generales-reglement-dorde-interieur-activites\/\" \/>\n<meta property=\"og:locale\" content=\"nl_BE\" \/>\n<meta property=\"og:type\" content=\"article\" \/>\n<meta property=\"og:title\" content=\"Conditions g\u00e9n\u00e9rales &amp; r\u00e8glement d&#039;orde int\u00e9rieur activit\u00e9s - WildSpoon.be\" \/>\n<meta property=\"og:description\" content=\"WildSpoon.be Conditions g\u00e9n\u00e9rales &amp; r\u00e8glement d&#039;orde int\u00e9rieur activit\u00e9s\" \/>\n<meta property=\"og:url\" content=\"https:\/\/wildspoon.be\/nl\/contact\/conditions-generales\/conditions-generales-reglement-dorde-interieur-activites\/\" \/>\n<meta property=\"og:site_name\" content=\"WildSpoon.be\" \/>\n<meta property=\"article:publisher\" content=\"https:\/\/www.facebook.com\/Wildspoon.be\" \/>\n<meta property=\"article:modified_time\" content=\"2024-03-21T08:16:12+00:00\" \/>\n<meta property=\"og:image\" content=\"https:\/\/wildspoon.be\/wp-content\/uploads\/2019\/07\/logo-leaf-new.png\" \/>\n<meta name=\"twitter:label1\" content=\"Geschatte leestijd\" \/>\n\t<meta name=\"twitter:data1\" content=\"5 minuten\" \/>\n<script type=\"application\/ld+json\" class=\"yoast-schema-graph\">{\"@context\":\"https:\\\/\\\/schema.org\",\"@graph\":[{\"@type\":\"WebPage\",\"@id\":\"https:\\\/\\\/wildspoon.be\\\/contact\\\/conditions-generales\\\/conditions-generales-reglement-dorde-interieur-activites\\\/\",\"url\":\"https:\\\/\\\/wildspoon.be\\\/contact\\\/conditions-generales\\\/conditions-generales-reglement-dorde-interieur-activites\\\/\",\"name\":\"Conditions g\u00e9n\u00e9rales & r\u00e8glement d'orde int\u00e9rieur activit\u00e9s - WildSpoon.be\",\"isPartOf\":{\"@id\":\"https:\\\/\\\/wildspoon.be\\\/#website\"},\"primaryImageOfPage\":{\"@id\":\"https:\\\/\\\/wildspoon.be\\\/contact\\\/conditions-generales\\\/conditions-generales-reglement-dorde-interieur-activites\\\/#primaryimage\"},\"image\":{\"@id\":\"https:\\\/\\\/wildspoon.be\\\/contact\\\/conditions-generales\\\/conditions-generales-reglement-dorde-interieur-activites\\\/#primaryimage\"},\"thumbnailUrl\":\"https:\\\/\\\/wildspoon.be\\\/wp-content\\\/uploads\\\/2019\\\/07\\\/logo-leaf-new.png\",\"datePublished\":\"2020-11-21T16:58:35+00:00\",\"dateModified\":\"2024-03-21T08:16:12+00:00\",\"description\":\"WildSpoon.be Conditions g\u00e9n\u00e9rales & r\u00e8glement d'orde int\u00e9rieur activit\u00e9s\",\"breadcrumb\":{\"@id\":\"https:\\\/\\\/wildspoon.be\\\/contact\\\/conditions-generales\\\/conditions-generales-reglement-dorde-interieur-activites\\\/#breadcrumb\"},\"inLanguage\":\"nl-BE\",\"potentialAction\":[{\"@type\":\"ReadAction\",\"target\":[\"https:\\\/\\\/wildspoon.be\\\/contact\\\/conditions-generales\\\/conditions-generales-reglement-dorde-interieur-activites\\\/\"]}]},{\"@type\":\"ImageObject\",\"inLanguage\":\"nl-BE\",\"@id\":\"https:\\\/\\\/wildspoon.be\\\/contact\\\/conditions-generales\\\/conditions-generales-reglement-dorde-interieur-activites\\\/#primaryimage\",\"url\":\"https:\\\/\\\/wildspoon.be\\\/wp-content\\\/uploads\\\/2019\\\/07\\\/logo-leaf-new.png\",\"contentUrl\":\"https:\\\/\\\/wildspoon.be\\\/wp-content\\\/uploads\\\/2019\\\/07\\\/logo-leaf-new.png\"},{\"@type\":\"BreadcrumbList\",\"@id\":\"https:\\\/\\\/wildspoon.be\\\/contact\\\/conditions-generales\\\/conditions-generales-reglement-dorde-interieur-activites\\\/#breadcrumb\",\"itemListElement\":[{\"@type\":\"ListItem\",\"position\":1,\"name\":\"Accueil\",\"item\":\"https:\\\/\\\/wildspoon.be\\\/\"},{\"@type\":\"ListItem\",\"position\":2,\"name\":\"Contact\",\"item\":\"https:\\\/\\\/wildspoon.be\\\/contact\\\/\"},{\"@type\":\"ListItem\",\"position\":3,\"name\":\"Conditions g\u00e9n\u00e9rales\",\"item\":\"https:\\\/\\\/wildspoon.be\\\/contact\\\/conditions-generales\\\/\"},{\"@type\":\"ListItem\",\"position\":4,\"name\":\"Conditions g\u00e9n\u00e9rales &#038; r\u00e8glement d&rsquo;orde int\u00e9rieur activit\u00e9s\"}]},{\"@type\":\"WebSite\",\"@id\":\"https:\\\/\\\/wildspoon.be\\\/#website\",\"url\":\"https:\\\/\\\/wildspoon.be\\\/\",\"name\":\"WildSpoon.be\",\"description\":\"Ateliers c\u00e9ramique ou poterie et bois\",\"publisher\":{\"@id\":\"https:\\\/\\\/wildspoon.be\\\/#organization\"},\"potentialAction\":[{\"@type\":\"SearchAction\",\"target\":{\"@type\":\"EntryPoint\",\"urlTemplate\":\"https:\\\/\\\/wildspoon.be\\\/?s={search_term_string}\"},\"query-input\":{\"@type\":\"PropertyValueSpecification\",\"valueRequired\":true,\"valueName\":\"search_term_string\"}}],\"inLanguage\":\"nl-BE\"},{\"@type\":\"Organization\",\"@id\":\"https:\\\/\\\/wildspoon.be\\\/#organization\",\"name\":\"Wildspoon.be\",\"url\":\"https:\\\/\\\/wildspoon.be\\\/\",\"logo\":{\"@type\":\"ImageObject\",\"inLanguage\":\"nl-BE\",\"@id\":\"https:\\\/\\\/wildspoon.be\\\/#\\\/schema\\\/logo\\\/image\\\/\",\"url\":\"https:\\\/\\\/wildspoon.be\\\/wp-content\\\/uploads\\\/2020\\\/11\\\/COPY-Logo-500x500-px.jpeg\",\"contentUrl\":\"https:\\\/\\\/wildspoon.be\\\/wp-content\\\/uploads\\\/2020\\\/11\\\/COPY-Logo-500x500-px.jpeg\",\"width\":303,\"height\":217,\"caption\":\"Wildspoon.be\"},\"image\":{\"@id\":\"https:\\\/\\\/wildspoon.be\\\/#\\\/schema\\\/logo\\\/image\\\/\"},\"sameAs\":[\"https:\\\/\\\/www.facebook.com\\\/Wildspoon.be\",\"https:\\\/\\\/www.instagram.com\\\/wildspoon_nature_artisanat\\\/\"]}]}<\/script>\n<!-- \/ Yoast SEO plugin. -->","yoast_head_json":{"title":"Conditions g\u00e9n\u00e9rales & r\u00e8glement d'orde int\u00e9rieur activit\u00e9s - WildSpoon.be","description":"WildSpoon.be Conditions g\u00e9n\u00e9rales & r\u00e8glement d'orde int\u00e9rieur activit\u00e9s","robots":{"index":"index","follow":"follow","max-snippet":"max-snippet:-1","max-image-preview":"max-image-preview:large","max-video-preview":"max-video-preview:-1"},"canonical":"https:\/\/wildspoon.be\/nl\/contact\/conditions-generales\/conditions-generales-reglement-dorde-interieur-activites\/","og_locale":"nl_BE","og_type":"article","og_title":"Conditions g\u00e9n\u00e9rales & r\u00e8glement d'orde int\u00e9rieur activit\u00e9s - WildSpoon.be","og_description":"WildSpoon.be Conditions g\u00e9n\u00e9rales & r\u00e8glement d'orde int\u00e9rieur activit\u00e9s","og_url":"https:\/\/wildspoon.be\/nl\/contact\/conditions-generales\/conditions-generales-reglement-dorde-interieur-activites\/","og_site_name":"WildSpoon.be","article_publisher":"https:\/\/www.facebook.com\/Wildspoon.be","article_modified_time":"2024-03-21T08:16:12+00:00","og_image":[{"url":"https:\/\/wildspoon.be\/wp-content\/uploads\/2019\/07\/logo-leaf-new.png","type":"","width":"","height":""}],"twitter_misc":{"Geschatte leestijd":"5 minuten"},"schema":{"@context":"https:\/\/schema.org","@graph":[{"@type":"WebPage","@id":"https:\/\/wildspoon.be\/contact\/conditions-generales\/conditions-generales-reglement-dorde-interieur-activites\/","url":"https:\/\/wildspoon.be\/contact\/conditions-generales\/conditions-generales-reglement-dorde-interieur-activites\/","name":"Conditions g\u00e9n\u00e9rales & r\u00e8glement d'orde int\u00e9rieur activit\u00e9s - WildSpoon.be","isPartOf":{"@id":"https:\/\/wildspoon.be\/#website"},"primaryImageOfPage":{"@id":"https:\/\/wildspoon.be\/contact\/conditions-generales\/conditions-generales-reglement-dorde-interieur-activites\/#primaryimage"},"image":{"@id":"https:\/\/wildspoon.be\/contact\/conditions-generales\/conditions-generales-reglement-dorde-interieur-activites\/#primaryimage"},"thumbnailUrl":"https:\/\/wildspoon.be\/wp-content\/uploads\/2019\/07\/logo-leaf-new.png","datePublished":"2020-11-21T16:58:35+00:00","dateModified":"2024-03-21T08:16:12+00:00","description":"WildSpoon.be Conditions g\u00e9n\u00e9rales & r\u00e8glement d'orde int\u00e9rieur activit\u00e9s","breadcrumb":{"@id":"https:\/\/wildspoon.be\/contact\/conditions-generales\/conditions-generales-reglement-dorde-interieur-activites\/#breadcrumb"},"inLanguage":"nl-BE","potentialAction":[{"@type":"ReadAction","target":["https:\/\/wildspoon.be\/contact\/conditions-generales\/conditions-generales-reglement-dorde-interieur-activites\/"]}]},{"@type":"ImageObject","inLanguage":"nl-BE","@id":"https:\/\/wildspoon.be\/contact\/conditions-generales\/conditions-generales-reglement-dorde-interieur-activites\/#primaryimage","url":"https:\/\/wildspoon.be\/wp-content\/uploads\/2019\/07\/logo-leaf-new.png","contentUrl":"https:\/\/wildspoon.be\/wp-content\/uploads\/2019\/07\/logo-leaf-new.png"},{"@type":"BreadcrumbList","@id":"https:\/\/wildspoon.be\/contact\/conditions-generales\/conditions-generales-reglement-dorde-interieur-activites\/#breadcrumb","itemListElement":[{"@type":"ListItem","position":1,"name":"Accueil","item":"https:\/\/wildspoon.be\/"},{"@type":"ListItem","position":2,"name":"Contact","item":"https:\/\/wildspoon.be\/contact\/"},{"@type":"ListItem","position":3,"name":"Conditions g\u00e9n\u00e9rales","item":"https:\/\/wildspoon.be\/contact\/conditions-generales\/"},{"@type":"ListItem","position":4,"name":"Conditions g\u00e9n\u00e9rales &#038; r\u00e8glement d&rsquo;orde int\u00e9rieur activit\u00e9s"}]},{"@type":"WebSite","@id":"https:\/\/wildspoon.be\/#website","url":"https:\/\/wildspoon.be\/","name":"WildSpoon.be","description":"Workshops keramiek of pottenbakken en hout","publisher":{"@id":"https:\/\/wildspoon.be\/#organization"},"potentialAction":[{"@type":"SearchAction","target":{"@type":"EntryPoint","urlTemplate":"https:\/\/wildspoon.be\/?s={search_term_string}"},"query-input":{"@type":"PropertyValueSpecification","valueRequired":true,"valueName":"search_term_string"}}],"inLanguage":"nl-BE"},{"@type":"Organization","@id":"https:\/\/wildspoon.be\/#organization","name":"Wildspoon.be","url":"https:\/\/wildspoon.be\/","logo":{"@type":"ImageObject","inLanguage":"nl-BE","@id":"https:\/\/wildspoon.be\/#\/schema\/logo\/image\/","url":"https:\/\/wildspoon.be\/wp-content\/uploads\/2020\/11\/COPY-Logo-500x500-px.jpeg","contentUrl":"https:\/\/wildspoon.be\/wp-content\/uploads\/2020\/11\/COPY-Logo-500x500-px.jpeg","width":303,"height":217,"caption":"Wildspoon.be"},"image":{"@id":"https:\/\/wildspoon.be\/#\/schema\/logo\/image\/"},"sameAs":["https:\/\/www.facebook.com\/Wildspoon.be","https:\/\/www.instagram.com\/wildspoon_nature_artisanat\/"]}]}},"_links":{"self":[{"href":"https:\/\/wildspoon.be\/nl\/wp-json\/wp\/v2\/pages\/6055","targetHints":{"allow":["GET"]}}],"collection":[{"href":"https:\/\/wildspoon.be\/nl\/wp-json\/wp\/v2\/pages"}],"about":[{"href":"https:\/\/wildspoon.be\/nl\/wp-json\/wp\/v2\/types\/page"}],"author":[{"embeddable":true,"href":"https:\/\/wildspoon.be\/nl\/wp-json\/wp\/v2\/users\/1"}],"replies":[{"embeddable":true,"href":"https:\/\/wildspoon.be\/nl\/wp-json\/wp\/v2\/comments?post=6055"}],"version-history":[{"count":19,"href":"https:\/\/wildspoon.be\/nl\/wp-json\/wp\/v2\/pages\/6055\/revisions"}],"predecessor-version":[{"id":9138,"href":"https:\/\/wildspoon.be\/nl\/wp-json\/wp\/v2\/pages\/6055\/revisions\/9138"}],"up":[{"embeddable":true,"href":"https:\/\/wildspoon.be\/nl\/wp-json\/wp\/v2\/pages\/6053"}],"wp:attachment":[{"href":"https:\/\/wildspoon.be\/nl\/wp-json\/wp\/v2\/media?parent=6055"}],"curies":[{"name":"wp","href":"https:\/\/api.w.org\/{rel}","templated":true}]}}